{"id":1458,"date":"2019-07-30T16:35:18","date_gmt":"2019-07-30T16:35:18","guid":{"rendered":"http:\/\/noemebypoldem.fr\/newsletter\/"},"modified":"2020-04-27T14:48:45","modified_gmt":"2020-04-27T14:48:45","slug":"newsletter","status":"publish","type":"page","link":"https:\/\/noemebypoldem.fr\/en\/newsletter\/","title":{"rendered":"Newsletter"},"content":{"rendered":"<div class=\"fusion-fullwidth fullwidth-box fusion-builder-row-1 nonhundred-percent-fullwidth non-hundred-percent-height-scrolling\" style=\"background-color: #f2f3f4;background-position: center center;background-repeat: no-repeat;padding-top:5%;padding-right:5%;padding-bottom:5%;padding-left:5%;margin-bottom: 0px;margin-top: 0px;border-width: 0px 0px 0px 0px;border-color:#eae9e9;border-style:solid;\" id=\"newsletter\" ><div class=\"fusion-builder-row fusion-row\"><div class=\"fusion-layout-column fusion_builder_column fusion-builder-column-0 fusion_builder_column_1_1 1_1 fusion-one-full fusion-column-first fusion-column-last fusion-animated\" style=\"margin-top:0px;margin-bottom:20px;\" data-animationType=\"fadeInRight\" data-animationDuration=\"0.3\" data-animationOffset=\"top-into-view\"><div class=\"fusion-column-wrapper fusion-flex-column-wrapper-legacy\" style=\"background-position:left top;background-repeat:no-repeat;-webkit-background-size:cover;-moz-background-size:cover;-o-background-size:cover;background-size:cover;padding: 0px 0px 0px 0px;\"><style type=\"text\/css\"><\/style><div class=\"fusion-title title fusion-title-1 fusion-sep-none fusion-title-center fusion-title-text fusion-title-size-two\" style=\"margin-top:0px;margin-right:0px;margin-bottom:31px;margin-left:0px;\"><h2 class=\"title-heading-center fusion-responsive-typography-calculated\" style=\"margin:0;--fontSize:26;line-height:1.3;\">NEWSLETTER:<\/h2><\/div><div class=\"fusion-text fusion-text-1\"><p>Please enroll as a member to receive STELLA newsletter on regular basis. You will then get an information on any updates and product novelties once a month.<\/p>\n<\/div><form action=\"https:\/\/stella-furniture.us20.list-manage.com\/subscribe\/post?u=c97668e3c9339f1e6ebb94bbe&id=be5d06a103\" method=\"post\" id=\"mc-embedded-subscribe-form\" name=\"mc-embedded-subscribe-form\" class=\"validate\" target=\"_blank\" novalidate>\n<input type=\"email\" value=\"\" name=\"EMAIL\" class=\"formularz\" id=\"mce-EMAIL\" placeholder=\"Your email address\" required >\n<input type=\"submit\" name=\"subscribe\" id=\"mc-embedded-subscribe\" class=\"formularz-wyslij\" value=\"SAVE\">\n<\/form><div class=\"fusion-sep-clear\"><\/div><div class=\"fusion-separator fusion-full-width-sep\" style=\"margin-left: auto;margin-right: auto;margin-bottom:40px;width:100%;\"><\/div><div class=\"fusion-sep-clear\"><\/div><div class=\"fusion-text fusion-text-2\"><p>I agree to receiving to the provided e-mail address of commercial information by electronic means, in particular information about news, promotions, discounts, sales and other activities connected with company promotion. I was informed that I may revoke this consent at any time. Revocation of consent does not affect the lawfulness of processing based on my consent before it is revoked.<br \/>\nThe controller of personal data is Stella Sp. z o.o. We process data for the purpose of contacts and promotion. With matters regarding personal data protection, you may contact inspektorrodo@stella-furniture.pl You will find detailed information about the processing of your personal data here. (link to the text of the information obligation according to the GDPR).<\/p>\n<p>\u201eI agree to receiving from The STELLA Sp. z o.o. electronically provided to my e-mail address information concerning products and services being offered by Stella Sp. z o.o. within the meaning of the act on the provision of electronic services dated 18th July 2002 (Journal of Laws 2019, item 123).\u201d<\/p>\n<p>\u201eI agree to the use by the STELLA Sp. z o.o. of automatic calling systems and telecommunication terminal equipment that I am a user of, for the purpose of a direct marketing of products and services being offered by Stella Sp. z o.o. within the meaning of the act of 16th July 2004 regulating the Telecommunication Law (Journal of Laws 2018, item 1954).\u201d<\/p>\n<p>The STELLA Sp. z o.o. with its registered office in \u0141\u00f3d\u017a, postcode 93-402 at 184\/186, Pabianicka St., is an administrator of the personal data. The data in question is being processed for contact and services provision purposes. For further information on the protection of personal details, please mail us at the following address: <a href=\"mailto:inspektorrodo@stella-furniture.pl\" target=\"_blank\" rel=\"noopener noreferrer\">inspektorrodo@stella-furniture.pl<\/a>. The detailed information regarding the aforementioned protection being compliant with the GDPR regulations, can be found at the website address <a href=\"http:\/\/www.poldem.pl\" target=\"_blank\" rel=\"noopener noreferrer\">www.poldem.pl<\/a>.<\/p>\n<\/div><div class=\"fusion-clearfix\"><\/div><\/div><\/div><\/div><\/div>\n","protected":false},"excerpt":{"rendered":"","protected":false},"author":1,"featured_media":0,"parent":0,"menu_order":0,"comment_status":"closed","ping_status":"closed","template":"100-width.php","meta":{"_mi_skip_tracking":false},"_links":{"self":[{"href":"https:\/\/noemebypoldem.fr\/en\/wp-json\/wp\/v2\/pages\/1458"}],"collection":[{"href":"https:\/\/noemebypoldem.fr\/en\/wp-json\/wp\/v2\/pages"}],"about":[{"href":"https:\/\/noemebypoldem.fr\/en\/wp-json\/wp\/v2\/types\/page"}],"author":[{"embeddable":true,"href":"https:\/\/noemebypoldem.fr\/en\/wp-json\/wp\/v2\/users\/1"}],"replies":[{"embeddable":true,"href":"https:\/\/noemebypoldem.fr\/en\/wp-json\/wp\/v2\/comments?post=1458"}],"version-history":[{"count":1,"href":"https:\/\/noemebypoldem.fr\/en\/wp-json\/wp\/v2\/pages\/1458\/revisions"}],"predecessor-version":[{"id":6117,"href":"https:\/\/noemebypoldem.fr\/en\/wp-json\/wp\/v2\/pages\/1458\/revisions\/6117"}],"wp:attachment":[{"href":"https:\/\/noemebypoldem.fr\/en\/wp-json\/wp\/v2\/media?parent=1458"}],"curies":[{"name":"wp","href":"https:\/\/api.w.org\/{rel}","templated":true}]}}