{"id":25,"date":"2019-03-16T22:06:21","date_gmt":"2019-03-16T22:06:21","guid":{"rendered":"http:\/\/noemebypoldem.fr\/?page_id=25"},"modified":"2020-04-24T14:47:08","modified_gmt":"2020-04-24T14:47:08","slug":"rodo","status":"publish","type":"page","link":"https:\/\/noemebypoldem.fr\/pl\/rodo\/","title":{"rendered":"RODO"},"content":{"rendered":"<div class=\"fusion-fullwidth fullwidth-box fusion-builder-row-1 nonhundred-percent-fullwidth non-hundred-percent-height-scrolling\" style=\"background-color: #ffffff;background-position: center center;background-repeat: no-repeat;padding-top:5%;padding-right:0px;padding-bottom:5%;padding-left:0px;margin-bottom: 0px;margin-top: 0px;border-width: 0px 0px 0px 0px;border-color:#eae9e9;border-style:solid;\" ><div class=\"fusion-builder-row fusion-row\"><div class=\"fusion-layout-column fusion_builder_column fusion-builder-column-0 fusion_builder_column_1_1 1_1 fusion-one-full fusion-column-first fusion-column-last\" style=\"margin-top:0px;margin-bottom:20px;\"><div class=\"fusion-column-wrapper fusion-flex-column-wrapper-legacy\" style=\"background-position:left top;background-repeat:no-repeat;-webkit-background-size:cover;-moz-background-size:cover;-o-background-size:cover;background-size:cover;padding: 0px 0px 0px 0px;\"><style type=\"text\/css\"><\/style><div class=\"fusion-title title fusion-title-1 fusion-sep-none fusion-title-center fusion-title-text fusion-title-size-two\" style=\"margin-top:0px;margin-right:0px;margin-bottom:31px;margin-left:0px;\"><h2 class=\"title-heading-center fusion-responsive-typography-calculated\" style=\"margin:0;--fontSize:26;line-height:1.3;\">Obowi\u0105zek Informacyjny wed\u0142ug RODO<\/h2><\/div><div class=\"fusion-text fusion-text-1\"><p>Na podstawie rozporz\u0105dzenia Parlamentu Europejskiego i Rady (UE) 2016\/679 z dnia 27 kwietnia 2016 r. w sprawie ochrony os\u00f3b fizycznych w zwi\u0105zku z przetwarzaniem danych osobowych i w sprawie swobodnego przep\u0142ywu takich danych oraz uchylenia dyrektywy 95\/46\/WE (og\u00f3lnego rozporz\u0105dzenia o ochronie danych), Dz.U.UE.L.2016.119.1, informujemy, \u017ce:<\/p>\n<p>1) administratorem Twoich danych osobowych Stella Sp. z o.o.<br \/>\n2) administrator nie wyznaczy\u0142 inspektora ochrony danych osobowych, ale w sprawach danych mo\u017cesz si\u0119 kontaktowa\u0107 pod adresem inspektorrodo@stella-furniture.pl<br \/>\n3) Twoje dane osobowe przetwarzane b\u0119d\u0105 w celu realizacji obs\u0142ugi procesu zam\u00f3wienia, dzia\u0142a\u0144 marketingowych na podstawie udzielonej zgody oraz do kontaktu handlowego.<br \/>\n4) dane osobowe przetwarzamy na podstawie zgody lub w prawie uzasadnionym interesie polegaj\u0105cym na zapewnieniu kontaktu, odpowiadaniu na zapytania, udzielaniu informacji, a tak\u017ce w przypadkach, w kt\u00f3rych przepisy prawa nak\u0142adaj\u0105 obowi\u0105zek przetwarzania takich danych osobowych lub gdy przetwarzanie to jest niezb\u0119dne do zawarcia i wykonania umowy, kt\u00f3rej jeste\u015b stron\u0105<br \/>\n5) kategorie przetwarzanych przez nas danych osobowych s\u0105 uzale\u017cnione od celu, w jakim si\u0119 z nami kontaktujesz, oraz od tego, w jakiej pozostajemy relacji, zazwyczaj obejmuj\u0105: numer telefonu, adres, nazw\u0119, imi\u0119, nazwisko, funkcj\u0119 (osoba reprezentuj\u0105ca lub decyzyjna) i email; zale\u017cy nam na tym, by za ka\u017cdym razem wykorzystywa\u0107 wy\u0142\u0105cznie te dane, kt\u00f3re s\u0105 niezb\u0119dne<br \/>\n6) odbiorc\u0105 Twoich danych osobowych mog\u0105 by\u0107 podmioty przetwarzaj\u0105ce dane w naszym imieniu na podstawie umowy, w tym nasza obs\u0142uga informatyczna, ksi\u0119gowa, prawna oraz podmioty wsp\u00f3\u0142pracuj\u0105ce z nami, a tak\u017ce podmioty uprawnione do otrzymywania informacji na podstawie przepis\u00f3w prawa<br \/>\n7) Twoje dane osobowe nie b\u0119d\u0105 przekazywane do pa\u0144stwa trzeciego ani organizacji mi\u0119dzynarodowej;<br \/>\n8) Twoje dane osobowe b\u0119d\u0105 przechowywane do czasu realizacji obs\u0142ugi procesu zam\u00f3wienia, dzia\u0142a\u0144 marketingowych oraz do kontaktu w celach marketingowych, lub czasu niezb\u0119dnego w celu obrony lub dochodzenia roszcze\u0144, a je\u015bli wyrazi\u0142e\u015b zgod\u0119 na przetwarzanie danych, do czasu wycofania przez Ciebie tej zgody;<br \/>\n9) masz prawo \u017c\u0105dania dost\u0119pu do Swoich danych osobowych, ich sprostowania, usuni\u0119cia lub ograniczenia przetwarzania oraz prawo do wniesienia sprzeciwu wobec przetwarzania, prawo do przenoszenia danych, a tak\u017ce prawo do cofni\u0119cia zgody w dowolnym momencie bez wp\u0142ywu na zgodno\u015b\u0107 z prawem przetwarzania, kt\u00f3rego dokonano na podstawie zgody przed jej cofni\u0119ciem, wysy\u0142aj\u0105c mail na adres inspektorrodo@stella-furniture.pl; zrealizujemy te prawa na zasadach okre\u015blonych przez RODO<br \/>\n10) gdy uznasz, i\u017c przetwarzanie danych osobowych narusza przepisy RODO, masz prawo wniesienia skargi do Prezesa Urz\u0119du Ochrony Danych Osobowych<br \/>\n11) nie podejmujemy decyzji, kt\u00f3re opieraj\u0105 si\u0119 wy\u0142\u0105cznie na zautomatyzowanym przetwarzaniu, w tym profilowaniu<br \/>\n12) podanie danych osobowych jest dobrowolne, ale konsekwencj\u0105 niepodania danych osobowych b\u0119dzie brak mo\u017cliwo\u015bci realizacji obs\u0142ugi procesu zam\u00f3wienia, prowadzenia dzia\u0142a\u0144 marketingowych oraz kontaktu<\/p>\n<\/div><div class=\"fusion-text fusion-text-2\"><p>Na podstawie rozporz\u0105dzenia Parlamentu Europejskiego i Rady (UE) 2016\/679 z dnia 27 kwietnia 2016 r. w sprawie ochrony os\u00f3b fizycznych w zwi\u0105zku z przetwarzaniem danych osobowych i w sprawie swobodnego przep\u0142ywu takich danych oraz uchylenia dyrektywy 95\/46\/WE (og\u00f3lnego rozporz\u0105dzenia o ochronie danych), Dz.U.UE.L.2016.119.1 \u2013 dalej: RODO,<br \/>\ninformujemy, \u017ce:<\/p>\n<p>1) Stella sp. z o.o. i Iliko sp. z o.o. i Poldem sp. z o.o. wsp\u00f3\u0142administruj\u0105 Twoimi danymi osobowymi \u2013 tak\u0105 mo\u017cliwo\u015b\u0107 daje nam RODO. Jeste\u015bmy wsp\u00f3\u0142administratorami zgodnie z przepisami tego rozporz\u0105dzenia i wsp\u00f3lnie wype\u0142niamy obowi\u0105zki wynikaj\u0105ce z RODO, w szczeg\u00f3lno\u015bci wsp\u00f3lnie odpowiadamy za realizacj\u0119 Twoich uprawnie\u0144, w tym przekazywanie informacji dotycz\u0105cych przetwarzania Twoich danych.<br \/>\n2) Naszym wsp\u00f3lnym punktem kontaktowym w sprawach dotycz\u0105cych danych osobowych i ochrony Twoich danych osobowych jest Stella Sp. z o.o.. W sprawach dotycz\u0105cych danych mo\u017cesz si\u0119 kontaktowa\u0107 pod adresem mailowym inspektorrodo@stella-furniture.pl<br \/>\n3) Twoje dane osobowe przetwarzamy w naszych wsp\u00f3lnych celach organizacji obs\u0142ugi stron internetowych www prowadzonych pod adresem www.noemebypoldem.fr i wynikaj\u0105cych z tego dzia\u0142ania kontakt\u00f3w handlowych, sprzeda\u017cy produkt\u00f3w i us\u0142ug oraz w celach marketingowych.<br \/>\n4) Kategorie danych osobowych, kt\u00f3re Ciebie dotycz\u0105, obejmuj\u0105: imi\u0119 i nazwisko, dane kontaktowe, w tym adresy mailowe, numery identyfikacyjne. Je\u015bli mieli\u015bmy kontakt w zwi\u0105zku z Twoim zg\u0142oszeniem zainteresowania nasz\u0105 ofert\u0105, mo\u017cemy mie\u0107 tak\u017ce informacje o Twoim pracodawcy lub podmiocie kt\u00f3ry reprezentujesz.<br \/>\n4) odbiorc\u0105 Twoich danych osobowych mog\u0105 by\u0107 podmioty przetwarzaj\u0105ce dane w naszym imieniu na podstawie umowy powierzenia przetwarzania danych w szczeg\u00f3lno\u015bci dostarczaj\u0105ce nam obs\u0142ugi ksi\u0119gowej, prawnej, informatycznej, podmioty wsp\u00f3\u0142pracuj\u0105ce oraz podmioty zobowi\u0105zane do tego na podstawie przepis\u00f3w prawa;<br \/>\n5) Twoje dane osobowe nie b\u0119d\u0105 przekazywane do pa\u0144stwa trzeciego ani organizacji mi\u0119dzynarodowej.<br \/>\n6) Twoje dane osobowe b\u0119d\u0105 przechowywane do czasu zako\u0144czenia realizacji umowy, ochrony i dochodzenia ewentualnych roszcze\u0144 lub wycofania przez Ciebie zgody na przetwarzanie danych, je\u015bli ja wyra\u017ca\u0142e\u015b;<br \/>\n7) Posiadasz prawo \u017c\u0105dania dost\u0119pu do danych osobowych, ich sprostowania, usuni\u0119cia lub ograniczenia przetwarzania oraz prawo do wniesienia sprzeciwu wobec przetwarzania, prawo do przenoszenia danych, a tak\u017ce prawo do cofni\u0119cia zgody w dowolnym momencie bez wp\u0142ywu na zgodno\u015b\u0107 z prawem przetwarzania, kt\u00f3rego dokonano na podstawie zgody przed jej cofni\u0119ciem;<br \/>\n8) Masz prawo wniesienia skargi do organu nadzorczego, kt\u00f3rym w Polsce jest Prezes Urz\u0119du Ochrony Danych, gdy uznasz, i\u017c przetwarzanie danych osobowych narusza przepisy RODO.<br \/>\n9) Podanie danych osobowych jest dobrowolne, ale konsekwencj\u0105 niepodania danych osobowych b\u0119dzie brak mo\u017cliwo\u015bci skontaktowania si\u0119 z Tob\u0105 osobi\u015bcie albo brak mo\u017cliwo\u015bci realizacji umowy lub us\u0142ugi.<br \/>\n10) Decyzje wobec danych osobowych b\u0119d\u0105 podejmowanie w spos\u00f3b zautomatyzowany, w tym b\u0119d\u0105 poddawane profilowaniu na zasadach wynikaj\u0105cych z dost\u0119pnych narz\u0119dzi marketingowych w celu przygotowania najbardziej odpowiedniej dla Ciebie informacji handlowej, zgodnie z udost\u0119pnion\u0105 Tobie polityk\u0105 prywatno\u015bci i polityka cookies &#8211; link.<\/p>\n<\/div><div class=\"fusion-clearfix\"><\/div><\/div><\/div><\/div><\/div>\n","protected":false},"excerpt":{"rendered":"","protected":false},"author":1,"featured_media":0,"parent":0,"menu_order":0,"comment_status":"closed","ping_status":"closed","template":"100-width.php","meta":{"_mi_skip_tracking":false},"_links":{"self":[{"href":"https:\/\/noemebypoldem.fr\/pl\/wp-json\/wp\/v2\/pages\/25"}],"collection":[{"href":"https:\/\/noemebypoldem.fr\/pl\/wp-json\/wp\/v2\/pages"}],"about":[{"href":"https:\/\/noemebypoldem.fr\/pl\/wp-json\/wp\/v2\/types\/page"}],"author":[{"embeddable":true,"href":"https:\/\/noemebypoldem.fr\/pl\/wp-json\/wp\/v2\/users\/1"}],"replies":[{"embeddable":true,"href":"https:\/\/noemebypoldem.fr\/pl\/wp-json\/wp\/v2\/comments?post=25"}],"version-history":[{"count":2,"href":"https:\/\/noemebypoldem.fr\/pl\/wp-json\/wp\/v2\/pages\/25\/revisions"}],"predecessor-version":[{"id":6106,"href":"https:\/\/noemebypoldem.fr\/pl\/wp-json\/wp\/v2\/pages\/25\/revisions\/6106"}],"wp:attachment":[{"href":"https:\/\/noemebypoldem.fr\/pl\/wp-json\/wp\/v2\/media?parent=25"}],"curies":[{"name":"wp","href":"https:\/\/api.w.org\/{rel}","templated":true}]}}