{"id":6378,"date":"2020-07-29T11:18:19","date_gmt":"2020-07-29T10:18:19","guid":{"rendered":"https:\/\/noemebypoldem.fr\/noeme-sofa-3d-2\/"},"modified":"2021-01-20T13:58:43","modified_gmt":"2021-01-20T12:58:43","slug":"noeme-sofa-3d-2","status":"publish","type":"page","link":"https:\/\/noemebypoldem.fr\/pl\/noeme-sofa-3d-2\/","title":{"rendered":"NO\u00c8ME SOFA 3D"},"content":{"rendered":"<p><div class=\"fusion-fullwidth fullwidth-box fusion-builder-row-1 nonhundred-percent-fullwidth non-hundred-percent-height-scrolling\" style=\"background-color: #ffffff;background-position: center center;background-repeat: no-repeat;padding-top:0px;padding-right:0px;padding-bottom:0px;padding-left:0px;margin-bottom: 0px;margin-top: 0px;border-width: 0px 0px 0px 0px;border-color:#eae9e9;border-style:solid;\" ><div class=\"fusion-builder-row fusion-row\"><div class=\"fusion-layout-column fusion_builder_column fusion-builder-column-0 fusion_builder_column_1_1 1_1 fusion-one-full fusion-column-first fusion-column-last\" style=\"margin-top:0px;margin-bottom:20px;\"><div class=\"fusion-column-wrapper fusion-flex-column-wrapper-legacy\" style=\"background-position:left top;background-repeat:no-repeat;-webkit-background-size:cover;-moz-background-size:cover;-o-background-size:cover;background-size:cover;padding: 0px 0px 0px 0px;\">\n<div class=\"fusion-slider-revolution rev_slider_wrapper\">\t\t\t<!-- START 3dnoem REVOLUTION SLIDER 6.5.12 --><p class=\"rs-p-wp-fix\"><\/p>\n\t\t\t<rs-module-wrap id=\"rev_slider_29_1_wrapper\" data-source=\"gallery\" style=\"visibility:hidden;background:transparent;padding:0;margin:0px auto;margin-top:0;margin-bottom:0;\">\n\t\t\t\t<rs-module id=\"rev_slider_29_1\" style=\"\" data-version=\"6.5.12\">\n\t\t\t\t\t<rs-slides>\n\t\t\t\t\t\t<rs-slide style=\"position: absolute;\" data-key=\"rs-217\" data-title=\"Slide\" data-thumb=\"\/\/noemebypoldem.fr\/wp-content\/uploads\/2020\/07\/Mockup-tablet-8-2-scaled-200x100.jpg\" data-anim=\"ms:600;\" data-in=\"o:0;\" data-out=\"a:false;\">\n\t\t\t\t\t\t\t<img src=\"\/\/noemebypoldem.fr\/wp-content\/plugins\/revslider\/public\/assets\/assets\/dummy.png\" alt=\"\" title=\"Man is going to touch digital tablet\" width=\"200\" height=\"133\" class=\"rev-slidebg tp-rs-img rs-lazyload\" data-lazyload=\"\/\/noemebypoldem.fr\/wp-content\/uploads\/2020\/07\/Mockup-tablet-8-2-scaled.jpg\" data-no-retina>\n<!---->\t\t\t\t\t\t<\/rs-slide>\n\t\t\t\t\t\t<rs-slide style=\"position: absolute;\" data-key=\"rs-218\" data-title=\"Slide\" data-thumb=\"\/\/noemebypoldem.fr\/wp-content\/uploads\/2020\/07\/Mockup-tablet-7-2-scaled-200x100.jpg\" data-in=\"o:0;\" data-out=\"a:false;\">\n\t\t\t\t\t\t\t<img src=\"\/\/noemebypoldem.fr\/wp-content\/plugins\/revslider\/public\/assets\/assets\/dummy.png\" alt=\"\" title=\"NO\u00c8ME SOFA 3D\" class=\"rev-slidebg tp-rs-img rs-lazyload\" data-lazyload=\"\/\/noemebypoldem.fr\/wp-content\/uploads\/2020\/07\/Mockup-tablet-7-2-scaled.jpg\" data-no-retina>\n<!---->\t\t\t\t\t\t<\/rs-slide>\n\t\t\t\t\t\t<rs-slide style=\"position: absolute;\" data-key=\"rs-220\" data-title=\"Slide\" data-thumb=\"\/\/noemebypoldem.fr\/wp-content\/uploads\/2020\/07\/Mockup-tablet-6-2-scaled-200x100.jpg\" data-in=\"o:0;\" data-out=\"a:false;\">\n\t\t\t\t\t\t\t<img src=\"\/\/noemebypoldem.fr\/wp-content\/plugins\/revslider\/public\/assets\/assets\/dummy.png\" alt=\"\" title=\"NO\u00c8ME SOFA 3D\" class=\"rev-slidebg tp-rs-img rs-lazyload\" data-lazyload=\"\/\/noemebypoldem.fr\/wp-content\/uploads\/2020\/07\/Mockup-tablet-6-2-scaled.jpg\" data-no-retina>\n<!---->\t\t\t\t\t\t<\/rs-slide>\n\t\t\t\t\t\t<rs-slide style=\"position: absolute;\" data-key=\"rs-221\" data-title=\"Slide\" data-thumb=\"\/\/noemebypoldem.fr\/wp-content\/uploads\/2020\/07\/Mockup-tablet-5-scaled-200x100.jpg\" data-in=\"o:0;\" data-out=\"a:false;\">\n\t\t\t\t\t\t\t<img src=\"\/\/noemebypoldem.fr\/wp-content\/plugins\/revslider\/public\/assets\/assets\/dummy.png\" alt=\"\" title=\"NO\u00c8ME SOFA 3D\" class=\"rev-slidebg tp-rs-img rs-lazyload\" data-lazyload=\"\/\/noemebypoldem.fr\/wp-content\/uploads\/2020\/07\/Mockup-tablet-5-scaled.jpg\" data-no-retina>\n<!---->\t\t\t\t\t\t<\/rs-slide>\n\t\t\t\t\t\t<rs-slide style=\"position: absolute;\" data-key=\"rs-222\" data-title=\"Slide\" data-thumb=\"\/\/noemebypoldem.fr\/wp-content\/uploads\/2020\/07\/Mockup-tablet-4-scaled-200x100.jpg\" data-in=\"o:0;\" data-out=\"a:false;\">\n\t\t\t\t\t\t\t<img src=\"\/\/noemebypoldem.fr\/wp-content\/plugins\/revslider\/public\/assets\/assets\/dummy.png\" alt=\"\" title=\"NO\u00c8ME SOFA 3D\" class=\"rev-slidebg tp-rs-img rs-lazyload\" data-lazyload=\"\/\/noemebypoldem.fr\/wp-content\/uploads\/2020\/07\/Mockup-tablet-4-scaled.jpg\" data-no-retina>\n<!---->\t\t\t\t\t\t<\/rs-slide>\n\t\t\t\t\t\t<rs-slide style=\"position: absolute;\" data-key=\"rs-223\" data-title=\"Slide\" data-thumb=\"\/\/noemebypoldem.fr\/wp-content\/uploads\/2020\/07\/Mockup-tablet-3-scaled-200x100.jpg\" data-in=\"o:0;\" data-out=\"a:false;\">\n\t\t\t\t\t\t\t<img src=\"\/\/noemebypoldem.fr\/wp-content\/plugins\/revslider\/public\/assets\/assets\/dummy.png\" alt=\"\" title=\"NO\u00c8ME SOFA 3D\" class=\"rev-slidebg tp-rs-img rs-lazyload\" data-lazyload=\"\/\/noemebypoldem.fr\/wp-content\/uploads\/2020\/07\/Mockup-tablet-3-scaled.jpg\" data-no-retina>\n<!---->\t\t\t\t\t\t<\/rs-slide>\n\t\t\t\t\t\t<rs-slide style=\"position: absolute;\" data-key=\"rs-224\" data-title=\"Slide\" data-thumb=\"\/\/noemebypoldem.fr\/wp-content\/uploads\/2020\/07\/Mockup-tablet-2-scaled-200x100.jpg\" data-in=\"o:0;\" data-out=\"a:false;\">\n\t\t\t\t\t\t\t<img src=\"\/\/noemebypoldem.fr\/wp-content\/plugins\/revslider\/public\/assets\/assets\/dummy.png\" alt=\"\" title=\"NO\u00c8ME SOFA 3D\" class=\"rev-slidebg tp-rs-img rs-lazyload\" data-lazyload=\"\/\/noemebypoldem.fr\/wp-content\/uploads\/2020\/07\/Mockup-tablet-2-scaled.jpg\" data-no-retina>\n<!---->\t\t\t\t\t\t<\/rs-slide>\n\t\t\t\t\t\t<rs-slide style=\"position: absolute;\" data-key=\"rs-225\" data-title=\"Slide\" data-thumb=\"\/\/noemebypoldem.fr\/wp-content\/uploads\/2020\/07\/Mockup-tablet-1-scaled-200x100.jpg\" data-in=\"o:0;\" data-out=\"a:false;\">\n\t\t\t\t\t\t\t<img src=\"\/\/noemebypoldem.fr\/wp-content\/plugins\/revslider\/public\/assets\/assets\/dummy.png\" alt=\"\" title=\"NO\u00c8ME SOFA 3D\" class=\"rev-slidebg tp-rs-img rs-lazyload\" data-lazyload=\"\/\/noemebypoldem.fr\/wp-content\/uploads\/2020\/07\/Mockup-tablet-1-scaled.jpg\" data-no-retina>\n<!---->\t\t\t\t\t\t<\/rs-slide>\n\t\t\t\t\t<\/rs-slides>\n\t\t\t\t<\/rs-module>\n\t\t\t\t<script>\n\t\t\t\t\tsetREVStartSize({c: 'rev_slider_29_1',rl:[1240,1024,778,480],el:[],gw:[2000],gh:[1000],type:'standard',justify:'',layout:'fullwidth',thumbh:\"200\",mh:\"0\"});if (window.RS_MODULES!==undefined && window.RS_MODULES.modules!==undefined && window.RS_MODULES.modules[\"revslider291\"]!==undefined) {window.RS_MODULES.modules[\"revslider291\"].once = false;window.revapi29 = undefined;if (window.RS_MODULES.checkMinimal!==undefined) window.RS_MODULES.checkMinimal()}\n\t\t\t\t<\/script>\n\t\t\t<\/rs-module-wrap>\n\t\t\t<!-- END REVOLUTION SLIDER -->\n<\/div><div class=\"fusion-clearfix\"><\/div><\/div><\/div><\/div><\/div><div class=\"fusion-fullwidth fullwidth-box fusion-builder-row-2 nonhundred-percent-fullwidth non-hundred-percent-height-scrolling\" style=\"background-color: #ffffff;background-position: center center;background-repeat: no-repeat;padding-top:0px;padding-right:0px;padding-bottom:0px;padding-left:0px;margin-bottom: 0px;margin-top: 0px;border-width: 0px 0px 0px 0px;border-color:#eae9e9;border-style:solid;\" ><div class=\"fusion-builder-row fusion-row\"><div class=\"fusion-layout-column fusion_builder_column fusion-builder-column-1 fusion_builder_column_1_1 1_1 fusion-one-full fusion-column-first fusion-column-last\" style=\"margin-top:0px;margin-bottom:20px;\"><div class=\"fusion-column-wrapper fusion-flex-column-wrapper-legacy\" style=\"background-position:left top;background-repeat:no-repeat;-webkit-background-size:cover;-moz-background-size:cover;-o-background-size:cover;background-size:cover;padding: 0px 0px 0px 0px;\"><div class=\"fusion-text fusion-text-1\"><\/div><div class=\"fusion-clearfix\"><\/div><\/div><\/div><\/div><\/div><div class=\"fusion-fullwidth fullwidth-box fusion-builder-row-3 nonhundred-percent-fullwidth non-hundred-percent-height-scrolling\" style=\"background-color: #ffffff;background-position: center center;background-repeat: no-repeat;padding-top:0px;padding-right:23px;padding-bottom:0px;padding-left:139px;margin-bottom: 0px;margin-top: 0px;border-width: 0px 0px 0px 0px;border-color:#eae9e9;border-style:solid;\" ><div class=\"fusion-builder-row fusion-row\"><div class=\"fusion-layout-column fusion_builder_column fusion-builder-column-2 fusion_builder_column_2_3 2_3 fusion-two-third fusion-column-first\" style=\"width:66.666666666667%;width:calc(66.666666666667% - ( ( 4% ) * 0.66666666666667 ) );margin-right: 4%;margin-top:0px;margin-bottom:20px;\"><div class=\"fusion-column-wrapper fusion-flex-column-wrapper-legacy\" style=\"background-position:left top;background-repeat:no-repeat;-webkit-background-size:cover;-moz-background-size:cover;-o-background-size:cover;background-size:cover;padding: 0px 0px 0px 0px;\"><div class=\"fusion-text fusion-text-2\"><p><b>NO\u00c8ME SOFA 3D<\/b><\/p>\n<p>Nowe, znakomite narz\u0119dzie do wizualizacji 3D wyposa\u017cenia i projektowania mebli teraz w Twoich r\u0119kach.<\/p>\n<p>Daj si\u0119 ponie\u015b\u0107 wyobra\u017ani i tw\u00f3rz niesko\u0144czon\u0105 ilo\u015b\u0107 wariant\u00f3w Twojego ulubionego wn\u0119trza. Odwa\u017c si\u0119 by\u0107 wymagaj\u0105cym i nie zgadzaj si\u0119 na p\u00f3\u0142\u015brodki. Od teraz nie musisz godzi\u0107 si\u0119 na \u017cadne kompromisy!<\/p>\n<p>Wyobra\u017a sobie swoj\u0105 sof\u0119, uruchom aplikacj\u0119 i zacznij tworzy\u0107 model, kt\u00f3ry wkr\u00f3tce zobaczysz w swoim domu.<\/p>\n<p>Narz\u0119dzie to daje niesko\u0144czon\u0105 gam\u0119 mo\u017cliwo\u015bci kombinacji, pozwalaj\u0105c na personalizacj\u0119 mebli w czasie rzeczywistym poprzez \u0142\u0105czenie modu\u0142\u00f3w o r\u00f3\u017cnych kszta\u0142tach i rozmiarach oraz poduszek, a tak\u017ce poprzez wyb\u00f3r spo\u015br\u00f3d ogromnej liczby doskona\u0142ej jako\u015bci tkanin.<\/p>\n<p>Funkcja obracania umo\u017cliwia dok\u0142adne obejrzenie ka\u017cdej cz\u0119\u015bci sofy.<\/p>\n<p>Po prostu u\u017cyj smartfona lub tabletu, aby dostosowa\u0107 ka\u017cdy szczeg\u00f3\u0142, a nast\u0119pnie przenie\u015b kompozycj\u0119 do w\u0142asnego pokoju.<\/p>\n<p>Zapisz stworzone przez Ciebie modele i prze\u015blij je do nas. Wykonamy dok\u0142adnie taki mebel, kt\u00f3ry zaprojektowa\u0142e\u015b.<\/p>\n<\/div><div class=\"fusion-clearfix\"><\/div><\/div><\/div><div class=\"fusion-layout-column fusion_builder_column fusion-builder-column-3 fusion_builder_column_1_3 1_3 fusion-one-third fusion-column-last\" style=\"width:33.333333333333%;width:calc(33.333333333333% - ( ( 4% ) * 0.33333333333333 ) );margin-top:43px;margin-bottom:20px;\"><div class=\"fusion-column-wrapper fusion-flex-column-wrapper-legacy\" style=\"background-position:left top;background-repeat:no-repeat;-webkit-background-size:cover;-moz-background-size:cover;-o-background-size:cover;background-size:cover;padding: 0px 0px 0px 76px;\"><div class=\"imageframe-align-center\"><span class=\" fusion-imageframe imageframe-none imageframe-1 hover-type-none\"><a class=\"fusion-no-lightbox\" href=\"https:\/\/apps.apple.com\/pl\/app\/noeme-sofa-3d\/id1516851148?l=pl\" target=\"_blank\" aria-label=\"Qr code IOS &#8211; new\" rel=\"noopener noreferrer\"><img decoding=\"async\" width=\"150\" height=\"218\" src=\"https:\/\/noemebypoldem.fr\/wp-content\/uploads\/2020\/07\/Qr-code-IOS-new-1.jpg\" alt class=\"img-responsive wp-image-6441\"\/><\/a><\/span><\/div><br><br><br><div class=\"imageframe-align-center\"><span class=\" fusion-imageframe imageframe-none imageframe-2 hover-type-none\"><a class=\"fusion-no-lightbox\" href=\"https:\/\/play.google.com\/store\/apps\/details?id=com.innersense.osmose.android.poldem.noeme\" target=\"_blank\" aria-label=\"Qr code Google play &#8211; new\" rel=\"noopener noreferrer\"><img decoding=\"async\" width=\"150\" height=\"212\" src=\"https:\/\/noemebypoldem.fr\/wp-content\/uploads\/2020\/07\/Qr-code-Google-play-new-1.jpg\" alt class=\"img-responsive wp-image-6438\"\/><\/a><\/span><\/div><div class=\"fusion-clearfix\"><\/div><\/div><\/div><\/div><\/div><div class=\"fusion-fullwidth fullwidth-box fusion-builder-row-4 nonhundred-percent-fullwidth non-hundred-percent-height-scrolling\" style=\"background-color: #ffffff;background-position: center center;background-repeat: no-repeat;padding-top:0px;padding-right:0px;padding-bottom:0px;padding-left:0px;margin-bottom: 54px;margin-top: 0px;border-width: 0px 0px 0px 0px;border-color:#eae9e9;border-style:solid;\" ><div class=\"fusion-builder-row fusion-row\"><div class=\"fusion-layout-column fusion_builder_column fusion-builder-column-4 fusion_builder_column_1_1 1_1 fusion-one-full fusion-column-first fusion-column-last\" style=\"margin-top:0px;margin-bottom:20px;\"><div class=\"fusion-column-wrapper fusion-flex-column-wrapper-legacy\" style=\"background-position:left top;background-repeat:no-repeat;-webkit-background-size:cover;-moz-background-size:cover;-o-background-size:cover;background-size:cover;padding: 0px 0px 0px 0px;\"><div class=\"fusion-clearfix\"><\/div><\/div><\/div><\/div><\/div><\/p>\n","protected":false},"excerpt":{"rendered":"","protected":false},"author":2,"featured_media":0,"parent":0,"menu_order":0,"comment_status":"closed","ping_status":"closed","template":"","meta":{"_mi_skip_tracking":false},"_links":{"self":[{"href":"https:\/\/noemebypoldem.fr\/pl\/wp-json\/wp\/v2\/pages\/6378"}],"collection":[{"href":"https:\/\/noemebypoldem.fr\/pl\/wp-json\/wp\/v2\/pages"}],"about":[{"href":"https:\/\/noemebypoldem.fr\/pl\/wp-json\/wp\/v2\/types\/page"}],"author":[{"embeddable":true,"href":"https:\/\/noemebypoldem.fr\/pl\/wp-json\/wp\/v2\/users\/2"}],"replies":[{"embeddable":true,"href":"https:\/\/noemebypoldem.fr\/pl\/wp-json\/wp\/v2\/comments?post=6378"}],"version-history":[{"count":11,"href":"https:\/\/noemebypoldem.fr\/pl\/wp-json\/wp\/v2\/pages\/6378\/revisions"}],"predecessor-version":[{"id":7644,"href":"https:\/\/noemebypoldem.fr\/pl\/wp-json\/wp\/v2\/pages\/6378\/revisions\/7644"}],"wp:attachment":[{"href":"https:\/\/noemebypoldem.fr\/pl\/wp-json\/wp\/v2\/media?parent=6378"}],"curies":[{"name":"wp","href":"https:\/\/api.w.org\/{rel}","templated":true}]}}